{"id":25,"date":"2019-06-18T17:34:14","date_gmt":"2019-06-18T14:34:14","guid":{"rendered":"https:\/\/spor7tepe.com\/?page_id=25"},"modified":"2026-03-03T14:22:43","modified_gmt":"2026-03-03T11:22:43","slug":"en-iyi-bahis-siteleri","status":"publish","type":"page","link":"https:\/\/spor7tepe.com\/","title":{"rendered":"Bahis Siteleri"},"content":{"rendered":"\n<div style=\"height:20px\" aria-hidden=\"true\" class=\"wp-block-spacer\"><\/div>\n\n\n\n<p>K\u0131sa yoldan ve e\u011flenceli bir \u015fekilde para kazanmak, bahis oynamak ile olas\u0131 hale gelmektedir. Bu bahisleri yapabilmeniz i\u00e7in bir\u00e7ok farkl\u0131 bahis siteleri bulunmaktad\u0131r. Bu siteler \u00fczerinden kolayca kupon yapabilir ve para kazanma f\u0131rsat\u0131na eri\u015febilirsiniz. Bahis oynatan sitelerde g\u00fcvenilir olanlar\u0131 se\u00e7mek her zaman ilk \u00f6nceli\u011finiz olmal\u0131. B\u00f6ylece sorunsuz bir \u015fekilde bahis yapabilir ve \u00f6demelerinizi al\u0131rken s\u0131k\u0131nt\u0131 ya\u015famadan para kazanabilirsiniz.<br> Sizin i\u00e7in T\u00fcrkiye&#8217;nin en iyi bahis siteleri ve en g\u00fcvenilir bahis siteleri ara\u015ft\u0131rmas\u0131 yapt\u0131k ve \u00f6ne \u00e7\u0131kan siteleri belirledik.<\/p>\n\n\n\n<div style=\"height:30px\" aria-hidden=\"true\" class=\"wp-block-spacer\"><\/div>\n\n\n\n<h2 class=\"wp-block-heading\" id=\"en-iyi-bahis-siteleri\">En \u0130yi Bahis Siteleri<\/h2>\n\n\n\n<div style=\"height:20px\" aria-hidden=\"true\" class=\"wp-block-spacer\"><\/div>\n\n\n\n<div class=\"row col-lg-10\" style=\"margin:0 auto;\">\n <div class=\"hidden-xs col-md-4\"><div class=\"bookmaker-col\">\n<a href=\"http:\/\/bhgiry.com\/2ILIwGs\" title=\"bahigo\" class=\"book-col-logo\">\n<img loading=\"lazy\" decoding=\"async\" width=\"340\" height=\"170\" src=\"https:\/\/spor7tepe.com\/wp-content\/uploads\/2020\/04\/bahigo-logo-3.jpg\" data-lazy-type=\"image\" data-src=\"https:\/\/spor7tepe.com\/wp-content\/uploads\/2019\/06\/Bahigo.jpg\" class=\"wp-post-image lazy-loaded\" alt=\"Bahigo review\" sizes=\"auto, (max-width: 340px) 100vw, 340px\"><div class=\"ribbon hot\"><span>En \u0130yi<\/span><\/div>\n<\/a><center><div class=\"bk-review-box clear-fix\"><div class=\"bk-score-box\"><span class=\"score\">9.5<\/span><\/div><div class=\"bk-detail-rating clear-fix row\"><\/div><\/div><div class=\"bk-bar clearfix\"><span class=\"bk-overlay\"><span class=\"bk-bar-ani\" style=\"float:left;width:85%\"><\/span><\/span><\/div><input type=\"hidden\" id=\"rating_nonce\" name=\"rating_nonce\" value=\"7fda6fad96\"><input type=\"hidden\" name=\"_wp_http_referer\" value=\"\/21023\/best-bookmakers\/\"><\/center><div class=\"bookmaker-col-container\">\n<span class=\"bonus-title\">\n7500 TL&#8217;ye kadar\n<\/span><div class=\"bonus-type\">Ho\u015f Geldin Bonusu<\/div>\n<a href=\"http:\/\/bhgiry.com\/2ILIwGs\" title=\"#\" target=\"_blank\" rel=\"nofollow noopener noreferrer\" class=\"btn btn-success\">HEMEN OYNA<\/a><\/div><\/div><\/div>\n\n<div class=\"hidden-xs col-md-4\"><div class=\"bookmaker-col\">\n<a on=\"tap:modal1\" title=\"#\" class=\"book-col-logo\" rel=\"noopener noreferrer\">\n<img loading=\"lazy\" decoding=\"async\" width=\"340\" height=\"170\" src=\"https:\/\/spor7tepe.com\/wp-content\/uploads\/2020\/04\/bet365.jpg\" data-lazy-type=\"image\" alt=\"# review\" sizes=\"auto, (max-width: 340px) 100vw, 340px\">\n<\/a><center><div class=\"bk-review-box clear-fix\"><div class=\"bk-score-box\"><span class=\"score\">8<\/span><\/div><div class=\"bk-detail-rating clear-fix row\"><\/div><\/div><div class=\"bk-bar clearfix\"><span class=\"bk-overlay\"><span class=\"bk-bar-ani\" style=\"float:left;width:85%\"><\/span><\/span><\/div><input type=\"hidden\" id=\"rating_nonce\" name=\"rating_nonce\" value=\"7fda6fad96\"><input type=\"hidden\" name=\"_wp_http_referer\" value=\"\/21023\/best-bookmakers\/\"><\/center><div class=\"bookmaker-col-container\">\n<span class=\"bonus-title\">\n1200 TL&#8217;ye kadar\n<\/span><div class=\"bonus-type\">Bedava Bahis<\/div>\n<a on=\"tap:modal1\" rel=\"nofollow noopener noreferrer\" class=\"btn btn-success\">HEMEN OYNA<\/a><\/div><\/div><\/div>\n\n<div class=\"hidden-xs col-md-4\"><div class=\"bookmaker-col\">\n<a on=\"tap:modal2\" title=\"#\" class=\"book-col-logo\" rel=\"noopener noreferrer\">\n<img loading=\"lazy\" decoding=\"async\" width=\"340\" height=\"170\" src=\"https:\/\/spor7tepe.com\/wp-content\/uploads\/2020\/04\/bet-at-home.jpg\" data-lazy-type=\"image\" class=\"wp-post-image lazy-loaded\" alt=\"888sport review\" sizes=\"auto, (max-width: 340px) 100vw, 340px\">\n<\/a><center><div class=\"bk-review-box clear-fix\"><div class=\"bk-score-box\"><span class=\"score\">7.5<\/span><\/div><div class=\"bk-detail-rating clear-fix row\"><\/div><\/div><div class=\"bk-bar clearfix\"><span class=\"bk-overlay\"><span class=\"bk-bar-ani\" style=\"float:left;width:85%\"><\/span><\/span><\/div><input type=\"hidden\" id=\"rating_nonce\" name=\"rating_nonce\" value=\"7fda6fad96\"><input type=\"hidden\" name=\"_wp_http_referer\" value=\"\/21023\/best-bookmakers\/\"><\/center><div class=\"bookmaker-col-container\">\n<span class=\"bonus-title\">\n800 TL&#8217;ye kadar\n<\/span><div class=\"bonus-type\">Ho\u015f Geldin Bonusu<\/div>\n<a on=\"tap:modal2\" title=\"#\" rel=\"nofollow noopener noreferrer\" class=\"btn btn-success\">HEMEN OYNA<\/a><\/div><\/div><\/div>\n<\/div>\n\n\n\n<div style=\"height:20px\" aria-hidden=\"true\" class=\"wp-block-spacer\"><\/div>\n\n\n\n<p>Belirtti\u011fimiz sitelerin tamam\u0131, lisansl\u0131 olarak hizmet vermektedir. T\u00fcrkiye politikas\u0131 gere\u011fi iddaa harici firmalar\u0131n bahis oynatmas\u0131 yasaklanm\u0131\u015ft\u0131r. Fakat olduk\u00e7a d\u00fc\u015f\u00fck oranlar veren iddaa sitesi, kullan\u0131c\u0131lar\u0131n beklentilerini kar\u015f\u0131layamamaktad\u0131r. Y\u00fcksek oranlarla ve iddaa&#8217;da bulamayaca\u011f\u0131 bir\u00e7ok bahis se\u00e7ene\u011fini de\u011ferlendirerek para kazanmak isteyen bahis severler, internet \u00fczerinden bahis oynatan yurtd\u0131\u015f\u0131 men\u015feli ve uzun y\u0131llard\u0131r hizmet veren bu bahis siteleri tercih ediyor. Sizde daha fazla se\u00e7enek ile daha fazla kazanma imkan\u0131 i\u00e7in size \u00f6nerdi\u011fimiz siteleri tercih edebilirsiniz.<\/p>\n\n\n\n<p>B\u00fct\u00fcn bu art\u0131 \u00f6zelliklerin d\u0131\u015f\u0131nda, bahis siteleri, kullan\u0131c\u0131lar\u0131na bir\u00e7ok bonus ve kampanya haz\u0131rlamaktad\u0131r. \u00d6rne\u011fin, kay\u0131t olan \u00fcyeler, ilk yat\u0131r\u0131mlar\u0131na \u00f6zel %100 ho\u015f geldin bonusu kazanabilir. Ho\u015f Geldin Bonusu yat\u0131rd\u0131\u011f\u0131n\u0131z paray\u0131 2&#8217;ye katlayabilece\u011finiz bir f\u0131rsatt\u0131r. \u00d6rne\u011fin, 500 TL yat\u0131r\u0131m yapt\u0131\u011f\u0131n\u0131zda bakiyenize 1000 TL eklenecektir. Bu \u015fekilde \u00e7ok daha fazla kazanabilir ve \u015fans\u0131n\u0131z\u0131 denemek i\u00e7in daha fazla imkana sahip olursunuz. Devlet iddaa firmas\u0131n\u0131n kazanc\u0131n\u0131 korumas\u0131 ad\u0131na, bu site adreslerini kapatma yoluna gitmektedir. Bahis siteleri bu uygulamaya \u00e7\u00f6z\u00fcm olarak site adreslerini sonundaki rakam de\u011fi\u015fecek \u015fekilde de\u011fi\u015ftirerek, ayn\u0131 \u015fekilde hizmet vermeye devam eder. Bunun sonucunda hi\u00e7 bir sorun ya\u015famadan bahislerinizi yapmaya devam edebilir ve rahatl\u0131kla \u00f6deme yapabilirsiniz. Ayn\u0131 zamanda kazand\u0131\u011f\u0131n\u0131z paray\u0131 \u00e7ekerken de hi\u00e7 bir \u015fekilde problem ya\u015famazs\u0131n\u0131z. <\/p>\n\n\n\n<div style=\"height:30px\" aria-hidden=\"true\" class=\"wp-block-spacer\"><\/div>\n\n\n\n<h2 class=\"wp-block-heading\" id=\"dogru-giris-adresini-kullandiginizdan-emin-olun\">Do\u011fru Giri\u015f Adresini kulland\u0131\u011f\u0131n\u0131zdan Emin Olun!<\/h2>\n\n\n\n<div style=\"height:20px\" aria-hidden=\"true\" class=\"wp-block-spacer\"><\/div>\n\n\n\n<p> Tabi bu bahis sitelerinin \u00e7ok fazla tutulmas\u0131 ve bahis kullan\u0131c\u0131lar\u0131n\u0131n en \u00e7ok tercih etti\u011fi iddaa oynama sistemi olmas\u0131 dolay\u0131s\u0131yla, internet \u00fczerinde doland\u0131r\u0131c\u0131l\u0131k yapmak isteyen ki\u015filer de olu\u015fmaktad\u0131r. Ka\u00e7ak iddaa sitelerinin pop\u00fclerli\u011fininden faydalanmak i\u00e7in, yukar\u0131da belirtti\u011fimiz adres de\u011fi\u015fikliklerini f\u0131rsata \u00e7evirerek, sahte siteler a\u00e7\u0131lmaktad\u0131r. Bu sahte sitelere yat\u0131r\u0131m yapan kullan\u0131c\u0131lar paralar\u0131n\u0131 alamamakta ve doland\u0131r\u0131lmaktad\u0131r. Bu y\u00fczden yeni ve g\u00fcvenilir giri\u015f adreslerine ula\u015fmak i\u00e7in bizi takip edebilirsiniz. G\u00fcncel olarak yeni giri\u015f adresleri sitemizde bulunmaktad\u0131r. Bunun yan\u0131 s\u0131ra benzer doland\u0131r\u0131c\u0131lar, bahis siteleri a\u00e7arak, yat\u0131rd\u0131\u011f\u0131n\u0131z paraya el koyabiliyorlar. Para \u00e7ekme i\u015flemi yapman\u0131za izin vermeyen bu sitelerle kar\u015f\u0131la\u015fmamak i\u00e7in detayl\u0131 bir ara\u015ft\u0131rma yapmal\u0131s\u0131n\u0131z. Bu gibi sorunlarla kar\u015f\u0131la\u015fmamak i\u00e7in size \u00f6nerdi\u011fimiz en iyi bahis siteleri arac\u0131l\u0131\u011f\u0131yla bahis yapabilir ve g\u00fcvenli bir \u015fekilde kazanc\u0131n\u0131z\u0131 \u00e7ekebilirsiniz.<\/p>\n\n\n\n<p>\u015eimdi dilerseniz bu bahis sitelerinin sundu\u011fu bahis se\u00e7enekleri hakk\u0131nda, k\u0131saca bir bilgilendirme yapal\u0131m. \u0130ncelemeye devam ederek, bahis se\u00e7enekleri hakk\u0131nda merak ettiklerinizi \u00f6\u011frenebilirsiniz.<\/p>\n\n\n\n<div style=\"height:30px\" aria-hidden=\"true\" class=\"wp-block-spacer\"><\/div>\n\n\n\n<h2 class=\"wp-block-heading\" id=\"bahis-siteleri-secenekleri-nelerdir\">Bahis Siteleri Se\u00e7enekleri Nelerdir?<\/h2>\n\n\n\n<div style=\"height:30px\" aria-hidden=\"true\" class=\"wp-block-spacer\"><\/div>\n\n\n<div class=\"wp-block-image\">\n<figure class=\"aligncenter size-full\"><img loading=\"lazy\" decoding=\"async\" width=\"1024\" height=\"446\" src=\"https:\/\/spor7tepe.com\/wp-content\/uploads\/2022\/10\/en-iyi-bahis-siteleri.jpg\" alt=\"\" class=\"wp-image-192\" srcset=\"https:\/\/spor7tepe.com\/wp-content\/uploads\/2022\/10\/en-iyi-bahis-siteleri.jpg 1024w, https:\/\/spor7tepe.com\/wp-content\/uploads\/2022\/10\/en-iyi-bahis-siteleri-300x131.jpg 300w, https:\/\/spor7tepe.com\/wp-content\/uploads\/2022\/10\/en-iyi-bahis-siteleri-768x335.jpg 768w\" sizes=\"auto, (max-width: 1024px) 100vw, 1024px\" \/><\/figure>\n<\/div>\n\n\n<div style=\"height:30px\" aria-hidden=\"true\" class=\"wp-block-spacer\"><\/div>\n\n\n\n<p>Bahis sitelerinde bir\u00e7ok farkl\u0131 bahis se\u00e7ene\u011fi ve spor dal\u0131 bulunmaktad\u0131r. Bu se\u00e7enekler aras\u0131nda en fazla dikkat \u00e7eken kategori spor bahisleri olarak g\u00f6ze batmaktad\u0131r. Ka\u00e7ak \u0130ddaa sitelerinde bulabilece\u011finiz bahis se\u00e7eneklerinden k\u0131saca bahsedelim.<\/p>\n\n\n\n<p><strong>Spor Bahisleri:<\/strong> \u00d6nde gelen bahis siteleri bir\u00e7ok spor dal\u0131 i\u00e7in binlerce bahis se\u00e7ene\u011fini en iyi oranlarla sunmaktad\u0131r. En \u00e7ok ilgilendi\u011finiz ve bilgi sahibi oldu\u011funuz bahis se\u00e7ene\u011fini saptayarak, bu bilginizi e\u011flenerek kazanca d\u00f6n\u00fc\u015ft\u00fcrebilirsiniz. Futbol, tenis, basketbol, voleybol, motor sporlar\u0131, boks, hentbol ve di\u011fer spor dallar\u0131na ait bir\u00e7ok bahis se\u00e7ene\u011fine ula\u015fabilece\u011finiz bahis sitelerinde para kazanmak i\u00e7in bir\u00e7ok imkan\u0131n\u0131z bulunuyor. <br> En \u00e7ok ilgiyi genellikle futbol bahisleri g\u00f6rmektedir. D\u00fcnya \u00fczerinde bulunan b\u00fct\u00fcn liglere ula\u015fabilece\u011finiz ve y\u00fcksek oranlarla g\u00fcvenilir bahis yapabilece\u011finiz adres olarak <strong><a href=\"https:\/\/gir.bahigo.com\/\">www.bahigo.com<\/a><\/strong> sitesini \u015fiddetle tavsiye ediyoruz.<\/p>\n\n\n\n<p><strong>Canl\u0131 Bahisler:<\/strong> Canl\u0131 bahis, spor kar\u015f\u0131la\u015fmalar\u0131n\u0131n oynand\u0131\u011f\u0131 s\u0131rada anl\u0131k olarak, de\u011fi\u015fen oranlar \u00fczerinden oynayabilece\u011finiz bahis \u00e7e\u015fididir. En \u00e7ok tercih edilen bahis se\u00e7eneklerinden olan canl\u0131 bahis, sadece online bahis oynatan sitelerde bulabilece\u011finiz bir hizmettir.<br> Canl\u0131 bahis oynaman\u0131n birden fazla yolu vard\u0131r. Fakat bunlardan en \u00f6nemlisi g\u00fcvenilir siteler \u00fczerinden oynamakt\u0131r. Size tavsiye etti\u011fimiz siteler \u00fczerinden g\u00fcvenli bir \u015fekilde canl\u0131 bahis oynayabilirsiniz. T\u00fcrkiye&#8217;de yasal olmayan bu sitelere giri\u015f yapabilmeniz i\u00e7in, de\u011fi\u015fen adresleri takip etmeniz gerekmekte. Bu bahis siteleri giri\u015f adreslerine g\u00fcncel olarak sitemizi takip ederek, kolayca ula\u015fabilirsiniz. <\/p>\n\n\n\n<div style=\"height:30px\" aria-hidden=\"true\" class=\"wp-block-spacer\"><\/div>\n\n\n\n<h2 class=\"wp-block-heading\" id=\"canli-bahis-nasil-oynanir\">Canl\u0131 Bahis Nas\u0131l Oynan\u0131r?<\/h2>\n\n\n\n<div style=\"height:20px\" aria-hidden=\"true\" class=\"wp-block-spacer\"><\/div>\n\n\n\n<p>Canl\u0131 Bahis en \u00e7ok ilgi \u00e7eken bahis \u00e7e\u015fitleri aras\u0131nda yer almaktad\u0131r. Canl\u0131 bahis nas\u0131l oynan\u0131r sorusuna k\u0131saca cevap vermeye \u00e7al\u0131\u015fal\u0131m.<\/p>\n\n\n\n<ul class=\"wp-block-list\">\n<li>Canl\u0131 Bahisi t\u00fcm spor dallar\u0131nda yapabilirsiniz. Takip etti\u011finiz ma\u00e7larda anl\u0131k de\u011fi\u015fen parametreler \u00fczerinden bahis tahmini yaparak daha kolay para kazanma \u015fans\u0131 yakalayabilirsiniz.<\/li>\n\n\n\n<li> Canl\u0131 Bahis oynamak i\u00e7in \u00f6ncelikle bahis sitesinde \u00fcyelik a\u00e7man\u0131z gerekmektedir. Sadece ka\u00e7ak iddaa sitelerinde bulabilece\u011finiz bir \u00f6zelliktir.<\/li>\n\n\n\n<li> \u00dcye olduktan sonra hesab\u0131n\u0131za para yat\u0131rma i\u015flemini yapmal\u0131s\u0131n\u0131z. Bir\u00e7ok \u00f6deme y\u00f6ntemi bulunan g\u00fcvenilir bahis sitelerini tercih ediniz. Ayn\u0131 zamanda bahis siteleri ilk \u00fcyeler i\u00e7in %100 Ho\u015f Geldin Bonusu \u00f6nermektedir. Bu bonus ile yat\u0131rd\u0131\u011f\u0131n\u0131z paran\u0131n 2 kat\u0131 kadar bakiye kazan\u0131rs\u0131n\u0131z.<\/li>\n\n\n\n<li>Canl\u0131 Bahis oynamak i\u00e7in \u00f6ncelikle bahis sitesinde \u00fcyelik a\u00e7man\u0131z gerekmektedir. Sadece ka\u00e7ak iddaa sitelerinde bulabilece\u011finiz bir \u00f6zelliktir.<\/li>\n\n\n\n<li> \u00dcye olduktan sonra hesab\u0131n\u0131za para yat\u0131rma i\u015flemini yapmal\u0131s\u0131n\u0131z. Bir\u00e7ok \u00f6deme y\u00f6ntemi bulunan g\u00fcvenilir bahis sitelerini tercih ediniz. Ayn\u0131 zamanda bahis siteleri ilk \u00fcyeler i\u00e7in %100 Ho\u015f Geldin Bonusu \u00f6nermektedir. Bu bonus ile yat\u0131rd\u0131\u011f\u0131n\u0131z paran\u0131n 2 kat\u0131 kadar bakiye kazan\u0131rs\u0131n\u0131z.<\/li>\n<\/ul>\n\n\n\n<p>Daha sonra se\u00e7ti\u011finiz ma\u00e7ta, diledi\u011finiz dakikada bahsinizi yapabilirsiniz. Genellikle dakikalar biraz ilerledikten ve ma\u00e7 hakk\u0131nda baz\u0131 g\u00f6zlemler edindikten sonra bahis yapman\u0131z, kazanma \u015fans\u0131n\u0131z\u0131 artt\u0131racakt\u0131r.<\/p>\n\n\n\n<div style=\"height:30px\" aria-hidden=\"true\" class=\"wp-block-spacer\"><\/div>\n\n\n\n<h2 class=\"wp-block-heading\" id=\"casino-oyunlari\">Casino Oyunlar\u0131 <\/h2>\n\n\n\n<div style=\"height:20px\" aria-hidden=\"true\" class=\"wp-block-spacer\"><\/div>\n\n\n\n<p>En iyi bahis siteleri spor bahislerinin yan\u0131 s\u0131ra casino oyunlar\u0131yla da hizmet vermektedir. Bahis sitelerinde bulunan Casino oyunlar\u0131yla hem e\u011flenip hem kazanabilirsiniz! Klasik slotlar, masa oyunlar\u0131, Jackpotlar ve \u00e7ok daha fazla oyun se\u00e7ene\u011fine ula\u015fabilirsiniz. <\/p>\n\n\n\n<p>Ayr\u0131ca Casino i\u00e7in d\u00fczenlenen turnuvalar, da\u011f\u0131t\u0131lan bonuslar ve bedava spinler ile hem heyecan\u0131n\u0131z\u0131 art\u0131rabilir hem de ekstra kazan\u00e7 elde edebilirsiniz. Bunun i\u00e7in tek yapman\u0131z gereken \u00f6nerdi\u011fimiz bahis sitelerini ziyaret edip, \u00fcye olman\u0131zd\u0131r. Daha sonras\u0131nda para yat\u0131rarak bonus alabilir ve casino&#8217;da kazanmaya ba\u015flayabilirsiniz.<\/p>\n\n\n\n<p>Bu konuda en g\u00f6ze \u00e7arpan bahis firmas\u0131 olan <strong><a href=\"https:\/\/gir.bahigo.com\/\">Bahigo<\/a><\/strong>, Casino oyunlar\u0131nda d\u00fcnya \u00e7ap\u0131nda defalarca \u00f6d\u00fcl alm\u0131\u015f NetEntertainment Casino yaz\u0131l\u0131m\u0131n\u0131 kullan\u0131r. NetEnt, casino oyunlar\u0131n\u0131n en \u00fcnl\u00fc ve en g\u00fcvenilir yap\u0131mc\u0131s\u0131d\u0131r.<\/p>\n\n\n\n<p>Bahigo Casino\u2019da oyunlar d\u00fczenli olarak Kanada\u2019daki Technical Systems Testing ve yerel ba\u011f\u0131ms\u0131z denetim kurulu\u015flar\u0131 taraf\u0131ndan teste tabi tutulur. Bu da size olduk\u00e7a g\u00fcvenli ve adil bir casino deneyimi ya\u015fatacakt\u0131r. Hi\u00e7bir sorun ya\u015famadan <strong><a href=\"https:\/\/girisbahigo2.com\/\">Bahigo giri\u015f<\/a><\/strong> yapma y\u00f6ntemi i\u00e7in ba\u011flant\u0131ya t\u0131klayabilirsiniz.<\/p>\n\n\n\n<p>Ayn\u0131 zamanda a\u00e7t\u0131\u011f\u0131n\u0131z \u00fcyelik ile para yat\u0131rmadan da casino oyunlar\u0131n\u0131 oynayabilir, test edebilirsiniz. Fakat be\u011fendi\u011finiz ve tercih etti\u011finiz oyunda ger\u00e7ek para kazanmak i\u00e7in para yat\u0131rman\u0131z gerekmektedir.<\/p>\n\n\n\n<div style=\"height:30px\" aria-hidden=\"true\" class=\"wp-block-spacer\"><\/div>\n\n\n\n<h2 class=\"wp-block-heading\" id=\"canli-casino\">Canl\u0131 Casino<\/h2>\n\n\n\n<div style=\"height:20px\" aria-hidden=\"true\" class=\"wp-block-spacer\"><\/div>\n\n\n\n<p>Casino ile bahisten para kazanmak isteyen bahis severler i\u00e7in canl\u0131 casino hizmeti de bulunmaktad\u0131r. Bu a\u015famada bahis siteleri, canl\u0131 casino i\u00e7in \u00f6zel bir kategori olu\u015fturmu\u015f ve kullan\u0131c\u0131lar\u0131n\u0131n be\u011fenisine sunmu\u015ftur. \u0130nternetten canl\u0131 casino oynamak son derece kolay ve e\u011flencelidir. Canl\u0131 casino oynamak i\u00e7in yapman\u0131z gerekenler \u015fu \u015fekilde s\u0131ralanabilir;<\/p>\n\n\n\n<ul class=\"wp-block-list\">\n<li>\u0130lk olarak tercih etti\u011finiz bahis sitesinde bir hesap a\u00e7man\u0131z gerekmektedir. <\/li>\n\n\n\n<li>A\u00e7t\u0131\u011f\u0131n\u0131z bu hesaba, g\u00fcvenilir \u00f6deme y\u00f6ntemleri ile para yat\u0131rman\u0131z gerekmektedir.<\/li>\n\n\n\n<li>Daha sonra se\u00e7ti\u011finiz oyuna giriniz. A\u00e7\u0131lacak olan sayfa sizi sitenin kumarhane b\u00f6l\u00fcm\u00fcne aktaracakt\u0131r. Daha sonras\u0131nda casino oynamaya ba\u015flayabilirsiniz. <\/li>\n\n\n\n<li>Kazand\u0131\u011f\u0131n\u0131z tutar otomatik olarak bakiyenize eklenecektir. <\/li>\n\n\n\n<li>Burada en \u00f6nemli nokta kazand\u0131\u011f\u0131n\u0131z paray\u0131, hesab\u0131n\u0131za \u00e7ekmenizdir. Para \u00e7ekme konusunda s\u0131k\u0131nt\u0131 ya\u015famamak i\u00e7in g\u00fcvenilir bahis sitelerini tercih etmelisiniz. <\/li>\n<\/ul>\n\n\n\n<p>Canl\u0131 casino oynarken size bir kurpiyer e\u015flik edecektir. Oyunu modere etme, y\u00f6nlendirme ve devam etme g\u00f6revine sahip bu kurpiyerler ile ger\u00e7ekten bir casino oyunu oynuyormu\u015f gibi hissedecek ve olduk\u00e7a fazla keyif alacaks\u0131n\u0131z.<\/p>\n","protected":false},"excerpt":{"rendered":"<p>K\u0131sa yoldan ve e\u011flenceli bir \u015fekilde para kazanmak, bahis oynamak ile olas\u0131 hale gelmektedir. Bu bahisleri yapabilmeniz i\u00e7in bir\u00e7ok farkl\u0131 bahis siteleri bulunmaktad\u0131r. Bu siteler \u00fczerinden kolayca kupon yapabilir ve para kazanma f\u0131rsat\u0131na eri\u015febilirsiniz. Bahis oynatan sitelerde g\u00fcvenilir olanlar\u0131 se\u00e7mek her zaman ilk \u00f6nceli\u011finiz olmal\u0131. B\u00f6ylece sorunsuz bir \u015fekilde bahis yapabilir ve \u00f6demelerinizi al\u0131rken s\u0131k\u0131nt\u0131 [&hellip;]<\/p>\n","protected":false},"author":1,"featured_media":0,"parent":0,"menu_order":0,"comment_status":"closed","ping_status":"closed","template":"","meta":{"footnotes":""},"class_list":["post-25","page","type-page","status-publish","hentry"],"amp_enabled":true,"_links":{"self":[{"href":"https:\/\/spor7tepe.com\/index.php\/wp-json\/wp\/v2\/pages\/25","targetHints":{"allow":["GET"]}}],"collection":[{"href":"https:\/\/spor7tepe.com\/index.php\/wp-json\/wp\/v2\/pages"}],"about":[{"href":"https:\/\/spor7tepe.com\/index.php\/wp-json\/wp\/v2\/types\/page"}],"author":[{"embeddable":true,"href":"https:\/\/spor7tepe.com\/index.php\/wp-json\/wp\/v2\/users\/1"}],"replies":[{"embeddable":true,"href":"https:\/\/spor7tepe.com\/index.php\/wp-json\/wp\/v2\/comments?post=25"}],"version-history":[{"count":109,"href":"https:\/\/spor7tepe.com\/index.php\/wp-json\/wp\/v2\/pages\/25\/revisions"}],"predecessor-version":[{"id":260,"href":"https:\/\/spor7tepe.com\/index.php\/wp-json\/wp\/v2\/pages\/25\/revisions\/260"}],"wp:attachment":[{"href":"https:\/\/spor7tepe.com\/index.php\/wp-json\/wp\/v2\/media?parent=25"}],"curies":[{"name":"wp","href":"https:\/\/api.w.org\/{rel}","templated":true}]}}